{"id":87,"date":"2021-06-18T12:30:04","date_gmt":"2021-06-18T12:30:04","guid":{"rendered":"http:\/\/intimate-buddies.com\/?page_id=87"},"modified":"2022-04-14T07:42:26","modified_gmt":"2022-04-14T07:42:26","slug":"tools","status":"publish","type":"page","link":"https:\/\/intimate-buddies.com\/de\/tools\/","title":{"rendered":"Empowerment"},"content":{"rendered":"\n<p>Unsere wichtigsten Werkzeuge in diesem Projekt sind <strong>Empathie<\/strong>, <strong>Offenheit <\/strong>und <strong>Neugier<\/strong>. Wir probieren immer wieder aus, wie wir aus diesen Eigenschaften einen<strong> offenen und sicheren Raum <\/strong>schaffen k\u00f6nnen. Dort finden unsere <strong>Emotionen<\/strong>, <strong>Worte <\/strong>und <strong>Ber\u00fchrungen <\/strong>einen Rahmen um den Zugang zu unseren wirklichen Bed\u00fcrfnissen zu erweitern. <br>Dabei nutzen wir unsere <strong>Intuition <\/strong>um unsere W\u00fcnschen und Sehns\u00fcchte zu erkennen und ihnen zu folgen.<\/p>\n\n\n\n<p>Die Verschiedenheit der M\u00e4nner, denen Du in diesem Projekt begegnen kannst, ist eine Einladung zum <strong>Austausch <\/strong>\u00fcber unterschiedliche Perspektiven, Lebenskonzepte und Haltungen. Wir verstehen diese <strong>Vielfalt als wichtigste Ressource<\/strong> und achten gleichzeitig auf die Einhaltung der <strong>individuellen Selbstbestimmtheit<\/strong>  auf der Basis von <strong>Achtsamkeit <\/strong>und <strong>Zustimmung<\/strong>. <\/p>\n\n\n\n<p>Der so entstehende Raum geh\u00f6rt Dir: bringe ein, was Du einbringen m\u00f6chtest oder lasse zur\u00fcck, was Dir im Weg steht. Im Mittelpunkt stehst Du um Deine <strong>Ressourcen und F\u00e4higkeiten neu entdecken<\/strong> zu k\u00f6nnen.<\/p>\n\n\n\n<p>Beim Start des Projektes waren wir \u00fcberrascht, was die eingeladenen M\u00e4nner an vielseitigen F\u00e4higkeiten und Qualit\u00e4ten mitbrachten. <br>Jeder von uns hatten etwas ganz spezielles anzubieten, was sich f\u00fcr die anderen h\u00e4ufig als eine unerwartete Bereicherung zum besseren Verst\u00e4ndnis der eigenen Intimit\u00e4t herausstellte. Daraus entstand die Idee, diese Qualit\u00e4ten zusammenzufassen und ein <strong>Netzwerk zum Austausch und der Vernetzung<\/strong> zu schaffen. <\/p>\n\n\n\n<p>Neben klassischer <strong>K\u00f6rperarbeit <\/strong>wie <strong>Yoga, Tantra, Massage- und Atem\u00fcbungen, Kuscheln und Meditation<\/strong>  gibt es unter uns Experten f\u00fcr <strong>Gespr\u00e4chstechniken, Biografiearbeit und Coaching<\/strong> sowie ein paar gro\u00dfartige Begabungen f\u00fcr <strong>Musik, Tanz, Lachen, Theater und Kreativit\u00e4t<\/strong>.<\/p>\n\n\n\n<p>Jeder Mann in diesem Projekt ist eingeladen, seine pers\u00f6nlichen F\u00e4higkeiten mitzubringen und diese im <strong>Austausch <\/strong>f\u00fcr neue Erfahrungen und Horizonte einzubringen. <br>Wenn Du herausfinden m\u00f6chtest, was f\u00fcr Dich passt, bist Du herzlich willkommen!<\/p>\n","protected":false},"excerpt":{"rendered":"<p>Unsere wichtigsten Werkzeuge in diesem Projekt sind Empathie, Offenheit und Neugier. Wir probieren immer wieder aus, wie wir aus diesen Eigenschaften einen offenen und sicheren Raum schaffen k\u00f6nnen. Dort finden unsere Emotionen, Worte und Ber\u00fchrungen einen Rahmen um den Zugang zu unseren wirklichen Bed\u00fcrfnissen zu erweitern. Dabei nutzen wir unsere Intuition um unsere W\u00fcnschen und &hellip; <\/p>\n<p class=\"link-more\"><a href=\"https:\/\/intimate-buddies.com\/de\/tools\/\" class=\"more-link\"><span class=\"screen-reader-text\">\u201eEmpowerment\u201c <\/span>weiterlesen<\/a><\/p>\n","protected":false},"author":1,"featured_media":0,"parent":0,"menu_order":0,"comment_status":"closed","ping_status":"closed","template":"","meta":{"footnotes":""},"class_list":["post-87","page","type-page","status-publish","hentry"],"translation":{"provider":"WPGlobus","version":"3.0.2","language":"de","enabled_languages":["en","de"],"languages":{"en":{"title":true,"content":true,"excerpt":false},"de":{"title":true,"content":true,"excerpt":false}}},"_links":{"self":[{"href":"https:\/\/intimate-buddies.com\/de\/wp-json\/wp\/v2\/pages\/87","targetHints":{"allow":["GET"]}}],"collection":[{"href":"https:\/\/intimate-buddies.com\/de\/wp-json\/wp\/v2\/pages"}],"about":[{"href":"https:\/\/intimate-buddies.com\/de\/wp-json\/wp\/v2\/types\/page"}],"author":[{"embeddable":true,"href":"https:\/\/intimate-buddies.com\/de\/wp-json\/wp\/v2\/users\/1"}],"replies":[{"embeddable":true,"href":"https:\/\/intimate-buddies.com\/de\/wp-json\/wp\/v2\/comments?post=87"}],"version-history":[{"count":25,"href":"https:\/\/intimate-buddies.com\/de\/wp-json\/wp\/v2\/pages\/87\/revisions"}],"predecessor-version":[{"id":523,"href":"https:\/\/intimate-buddies.com\/de\/wp-json\/wp\/v2\/pages\/87\/revisions\/523"}],"wp:attachment":[{"href":"https:\/\/intimate-buddies.com\/de\/wp-json\/wp\/v2\/media?parent=87"}],"curies":[{"name":"wp","href":"https:\/\/api.w.org\/{rel}","templated":true}]}}