{"id":85,"date":"2021-06-18T12:24:48","date_gmt":"2021-06-18T12:24:48","guid":{"rendered":"http:\/\/intimate-buddies.com\/?page_id=85"},"modified":"2024-02-15T10:58:48","modified_gmt":"2024-02-15T09:58:48","slug":"about","status":"publish","type":"page","link":"https:\/\/intimate-buddies.com\/de\/about\/","title":{"rendered":"Intimit\u00e4t"},"content":{"rendered":"\n<p>Intimit\u00e4t als\u00a0<strong>kulturelles und soziales Geschenk\u00a0<\/strong>hat oft mit vielen Vorbehalten zu k\u00e4mpfen, die meist -welche \u00dcberraschung- von M\u00e4nnern gepr\u00e4gt werden.<\/p>\n\n\n\n<p>Wenn M\u00e4nner ihre Vorstellung von Intimit\u00e4t mit Sexualit\u00e4t gleichsetzen, n\u00e4hren sie gleichzeitig die Vorstellung, dass eine intime Beziehung zwischen M\u00e4nnern unm\u00e4nnlich sei. Damit verschlie\u00dfen sie sich den M\u00f6glichkeiten, die uns eine andere Perspektive auf den Umgang miteinander bieten k\u00f6nnte.<\/p>\n\n\n\n<p>Was kann entstehen, wenn wir aus diesen Vorurteilen ausbrechen? Der erste Schritt ist, die eigene Komfortzone zu verlassen und sich diesen Fragen zu stellen! Dieses Projekt m\u00f6chte dabei<strong> Orientierung und St\u00e4rkung<\/strong> bieten.<\/p>\n\n\n\n<p>Hier findest Du M\u00e4nner, die Dir <strong>uneigenn\u00fctzig pers\u00f6nlich, achtsam, liebevoll und auch k\u00f6rperlich begegnen k\u00f6nnen.<\/strong><br>Wenn Du es zul\u00e4sst, werden sie Dich mit ihrer Intuition dabei begleiten, einen<strong> liebevollen Zugang zu Deiner M\u00e4nnlichkeit<\/strong> zu finden, in dem Du Deine pers\u00f6nlichen Qualit\u00e4ten besser kennen und annehmen lernst.<\/p>\n\n\n\n<p>Das Projekt selbst ist aus einer Gruppe von M\u00e4nnern entstanden, die aus eigenem Bed\u00fcrfnis heraus einen liebevollen Umgang mit ihrer M\u00e4nnlichkeit, ihrer Intimit\u00e4t und letztlich auch ihrer Sexualit\u00e4t suchten.<br>Aus diesem Grund richtet sich diese Arbeit <strong>ausschlie\u00dflich an Menschen, die sich als Mann definieren<\/strong>. Dies gilt nat\u00fcrlich auch f\u00fcr <strong>Transm\u00e4nner <\/strong>oder andere <strong>geschlechtsfluide Menschen,<\/strong> die sich sexuell zum m\u00e4nnlichen Geschlecht hingezogen f\u00fchlen.<\/p>\n\n\n\n<p>Intimate Buddies f\u00f6rdert als <strong>peer-basiertes Projekt<\/strong> die Vernetzung und den Austausch von M\u00e4nnern auf Augenh\u00f6he ohne kommerziellen, spirituellen oder esoterischen Hintergrund.<br>Wenn dich unsere Arbeit inspiriert, dann teile deine Erfahrungen mit anderen M\u00e4nnern.<br>Die Buddies aus diesem Projekt geben auch Tipps, welche gemeinn\u00fctzigen Organisationen in unserer Umgebung sich \u00fcber Spenden freuen.<\/p>\n\n\n\n<p>Wir bieten <strong>keine therapeutische, medizinische oder juristische Beratung<\/strong> an.<br>Wenn Du in diesen Bereichen Unterst\u00fctzung ben\u00f6tigst, wende Dich bitte an geschulte Spezialist*innen. Die Buddies helfen Dir gerne mit entsprechenden Hinweisen auf kompetente Stellen weiter.<\/p>\n","protected":false},"excerpt":{"rendered":"<p>Intimit\u00e4t als\u00a0kulturelles und soziales Geschenk\u00a0hat oft mit vielen Vorbehalten zu k\u00e4mpfen, die meist -welche \u00dcberraschung- von M\u00e4nnern gepr\u00e4gt werden. Wenn M\u00e4nner ihre Vorstellung von Intimit\u00e4t mit Sexualit\u00e4t gleichsetzen, n\u00e4hren sie gleichzeitig die Vorstellung, dass eine intime Beziehung zwischen M\u00e4nnern unm\u00e4nnlich sei. Damit verschlie\u00dfen sie sich den M\u00f6glichkeiten, die uns eine andere Perspektive auf den Umgang &hellip; <\/p>\n<p class=\"link-more\"><a href=\"https:\/\/intimate-buddies.com\/de\/about\/\" class=\"more-link\"><span class=\"screen-reader-text\">\u201eIntimit\u00e4t\u201c <\/span>weiterlesen<\/a><\/p>\n","protected":false},"author":1,"featured_media":0,"parent":0,"menu_order":0,"comment_status":"closed","ping_status":"closed","template":"","meta":{"footnotes":""},"class_list":["post-85","page","type-page","status-publish","hentry"],"translation":{"provider":"WPGlobus","version":"3.0.2","language":"de","enabled_languages":["en","de"],"languages":{"en":{"title":true,"content":true,"excerpt":false},"de":{"title":true,"content":true,"excerpt":false}}},"_links":{"self":[{"href":"https:\/\/intimate-buddies.com\/de\/wp-json\/wp\/v2\/pages\/85","targetHints":{"allow":["GET"]}}],"collection":[{"href":"https:\/\/intimate-buddies.com\/de\/wp-json\/wp\/v2\/pages"}],"about":[{"href":"https:\/\/intimate-buddies.com\/de\/wp-json\/wp\/v2\/types\/page"}],"author":[{"embeddable":true,"href":"https:\/\/intimate-buddies.com\/de\/wp-json\/wp\/v2\/users\/1"}],"replies":[{"embeddable":true,"href":"https:\/\/intimate-buddies.com\/de\/wp-json\/wp\/v2\/comments?post=85"}],"version-history":[{"count":33,"href":"https:\/\/intimate-buddies.com\/de\/wp-json\/wp\/v2\/pages\/85\/revisions"}],"predecessor-version":[{"id":1163,"href":"https:\/\/intimate-buddies.com\/de\/wp-json\/wp\/v2\/pages\/85\/revisions\/1163"}],"wp:attachment":[{"href":"https:\/\/intimate-buddies.com\/de\/wp-json\/wp\/v2\/media?parent=85"}],"curies":[{"name":"wp","href":"https:\/\/api.w.org\/{rel}","templated":true}]}}