{"id":530,"date":"2022-06-29T08:24:52","date_gmt":"2022-06-29T08:24:52","guid":{"rendered":"http:\/\/intimate-buddies.com\/?page_id=530"},"modified":"2022-09-10T10:17:34","modified_gmt":"2022-09-10T10:17:34","slug":"sexuality","status":"publish","type":"page","link":"https:\/\/intimate-buddies.com\/de\/sexuality\/","title":{"rendered":"Sexualit\u00e4t"},"content":{"rendered":"\n<p>\u00dcber die reine Intimit\u00e4t hinausgehend verstehen wir unser Projekt auch als sexpositiv und k\u00f6rperpositiv. Hilfreich fanden wir dabei die Herangehensweise der <a rel=\"noreferrer noopener\" href=\"https:\/\/www.folleterre.org\/en\/about-radical-faeries\/\" target=\"_blank\"><strong>Radical Faeries<\/strong><\/a>, die f\u00fcr sich einige gute Grundlagen zum Umgang mit Nacktheit und Sexualit\u00e4t in ihrer Gemeinschaft gefunden haben. <\/p>\n\n\n\n<p><strong>Zusammenfassend l\u00e4sst sich sagen:<\/strong><br>\u00b7 Sexualit\u00e4t gilt als etwas Willkommenes und darf mit anderen geteilt werden.<br>\u00b7 Sexuelle Anziehung und Vorliebe richten sich immer f\u00fcr Dich, Ablehnung niemals gegen Dich.<br>\u00b7 Alle Gef\u00fchle und Wahrnehmungen, auch der Verletztheit, d\u00fcfen ihren Raum haben.<br>\u00b7 Sexualit\u00e4t geschieht ausschlie\u00dflich einvernehmlich. <strong>Es gibt keinen Druck, mitzumachen.<\/strong><br>\u00b7 Sei offen f\u00fcr Nacktheit, aber sei so angezogen wie Du willst! <br>\u00b7 Sei achtsam und liebevoll mit Dir und Deinen Grenzen sowie den Grenzen und W\u00fcnschen Deines Gegen\u00fcbers.<\/p>\n\n\n\n<p><strong>Theoklymenos <\/strong>zeigt mit einigen Erkl\u00e4rungen wie diese Dinge im &#8222;Faerie Space&#8220; funktionieren.  Netterweise hat er uns die Erlaubnis gegeben, aus seinem Buch &#8222;<a rel=\"noreferrer noopener\" href=\"https:\/\/www.loewenherz.at\/index_lw_nr.php?LWNR=20457\" target=\"_blank\"><strong>How to be a faerie?<\/strong><\/a>&#8220; zu zitieren:<\/p>\n\n\n\n<p><strong>Sexpositive Treffen<\/strong><br>Sexualit\u00e4t [&#8230;] ist ein nat\u00fcrliches, heiliges Geschenk, das frei und gl\u00fccklich unter uns gefeiert wird. Sexualit\u00e4t gilt als etwas, dass mit anderen geteilt werden darf. Sex hat seinen Raum in privaten H\u00fctten, Zimmern oder Zelten. Manche m\u00f6gen es in der Natur auf Wiesen oder in W\u00e4ldern, abh\u00e4ngig davon, ob es von Fremden au\u00dferhalb eines Treffens bemerkt werden kann oder nicht.<\/p>\n\n\n\n<p>Manche Faeries bevorzugen einen einzigen Sexualpartner, manche mehrere. Vielleicht auch zur gleichen Zeit. <strong>Manche Faeries haben \u00fcberhaupt keinen Sex bei den Treffen<\/strong>, aus welchen Gr\u00fcnden auch immer. Vielleicht ist Sex nicht wichtig f\u00fcr sie. Oder sie sind in einer monogamen Beziehung und ihr Partner ist zu Hause. Oder sie f\u00fchlen sich zu niemanden in der Versammlung hingezogen. Manche m\u00f6gen andere Faeries, sind aber zu sch\u00fcchtern, um den ersten Schritt zu tun. Andere haben vielleicht Probleme mit dem Sex &#8211; mit Ausnahme derjenigen, die \u00fcberhaupt keinen haben.<\/p>\n\n\n\n<p>Faeries respektieren sich gegenseitig in ihrer Menschlichkeit. Wir behandeln uns nicht als Sex-Objekte &#8211; es sei denn, jemand ist eindeutig auf ein entsprechendes erotisches Spiel aus. Es gilt, achtsam zu sein und dich und andere gut aufzupassen! Sonst kann passieren, dass Signale missverstanden oder Grenzen ungewollt \u00fcberschritten werden. Sei dir dessen bewusst: Jeder ist f\u00fcr sich selbst verantwortlich. Alles ist erlaubt, solange es in gegenseitigem Einvernehmen geschieht. Was eindeutig ein Muss ist: ein &#8222;Nein&#8220; ist ein &#8222;Nein&#8220;. Als Ausnahme gilt, es ist Teil eines sexuellen Spiels, bei dem Grenzen und ein Sicherheitswort zwischen den beteiligten klar definiert sind. Selbstverst\u00e4ndlich werden Missbrauch oder Vergewaltigung in keiner Weise toleriert!<\/p>\n\n\n\n<p>Es kann eine sexuelle Anziehung oder Vorliebe von einzelnen f\u00fcr einige andere geben. Das kann mit verletzenden Gef\u00fchlen der Ablehnung durch wiederum andere einhergehen. Mach Dir bewusst, dass Du genau wie jeder andere das Recht hast zu w\u00e4hlen, zu wem Du Dich hingezogen f\u00fchlst oder mit wem Du Sex haben m\u00f6chtest. Sexuelle Anziehung oder Vorliebe dr\u00fcckt sich im positiven Sinne f\u00fcr das gew\u00e4hlte Gegen\u00fcber aus und richtet sich niemals in verletzender Weise gegen jemand anderen. Auch wenn nicht ausgeschlossen werden kann, dass andere sich zur\u00fcckgewiesen oder verletzt f\u00fchlen. Unser Raum ist immer auch das wirkliche Leben. Wir m\u00fcssen lernen, mit der Erfahrung zu leben, dass wir uns abgelehnt f\u00fchlen, wenn es um k\u00f6rperliche Liebe, Intimit\u00e4t und Sex geht. <br>In der \u00e4u\u00dferen heteronormativen, patriarchalischen Welt k\u00f6nnen wir uns schnell gedr\u00e4ngt oder gezwungen f\u00fchlen, Intimit\u00e4t und Sex mit Menschen zu haben, mit denen wir es nicht wollen. [&#8230;] Das kann eine Menge Druck aus\u00fcben und verletzte Gef\u00fchle oder Traumata verursachen. In unseren R\u00e4umen wollen wir der Sexualit\u00e4t keine Unterdr\u00fcckung auferlegen.<br>Von Dir wird nicht erwartet, dass Du Dich zu jedem anderen Teilnehmer sexuell hingezogen f\u00fchlen oder mit allen anderen Intimit\u00e4t und Sex haben wollen. Es ist keine Beleidigung, &#8222;Nein&#8220; zu sagen. Und niemand muss sich f\u00fcr sein &#8222;Nein&#8220; rechtfertigen.<\/p>\n\n\n\n<p>Radical Faeries nutzen viele M\u00f6glichkeiten, sich mit anderen auf k\u00f6rperlicher Ebene zu verbinden. Meistens hat das keine erotische oder sexuelle Bedeutung. Wir halten uns gerne an den H\u00e4nden und umarmen uns gegenseitig als Ausdruck unserer Liebe, die tief aus dem Herzen kommt. Eine Ausnahme machen diejenigen, die sich nicht gerne ber\u00fchren lassen oder ber\u00fchrt werden. Oder nicht von jedem. Das ist v\u00f6llig ok so. Sei also achtsam!<\/p>\n\n\n\n<p>Manche m\u00f6gen es, anderen Faeries zu kuscheln. Oder sie liegen auf einer Matratze dicht bei anderen und halten und ber\u00fchren sich gegenseitig in der Gruppe (&#8222;Welpenhaufen&#8220;). Andere kommen vielleicht etwas sp\u00e4ter mit dazu. Manche brauchen einige Zeit und beobachten tagelang bevor sie schlie\u00dflich sicher sind, dass sie sich wohlf\u00fchlen. Es gibt immer ein erstes Mal f\u00fcr alles. Probier es einfach aus, es wird dir nicht wehtun. Es sei denn, das ist \u00fcberhaupt nichts f\u00fcr Dich. Dann lass es einfach und halte Dich zur\u00fcck. <\/p>\n\n\n\n<p id=\"lovetemple\"><strong>Love Temple<\/strong><br>Ein Love Temple ist ein gem\u00fctlicher, gesch\u00fctzter Ort f\u00fcr Intimit\u00e4t, Liebe und Sex. Der Raum ist normalerweise von Faeries, die ihn einrichten, wundersch\u00f6n dekoriert. Wir k\u00f6nnen dort unsere  k\u00f6rperliche Liebe teilen. [&#8230;] Manchmal gibt es angeleitete Rituale und Angebote, damit die Grenzen in Bezug auf Intimit\u00e4t, Nacktheit und Sex mit anderen in einer liebevollen Art und Weise erfahren und m\u00f6glicherweise erweitern werden k\u00f6nnen. [&#8230;] Wenn Du an einem Ritual teilnehmen m\u00f6chtest, sei Dir immer der Zustimmung bewusst und sei respektvoll in Bezug auf die Grenzen von Dir selbst und den anderen. Es gelten dieselben Regeln wie f\u00fcr Intimit\u00e4t und Sex im Allgemeinen: ein &#8222;Nein&#8220; ist ein &#8222;Nein&#8220;. <\/p>\n\n\n\n<p>Love Temple und Rituale k\u00f6nnen erstaunlich, fabelhaft und heilend sein. Wenn man sich darauf einl\u00e4sst. Sie k\u00f6nnen sehr intensiv oder be\u00e4ngstigend sein. Oder verletzend, wenn du dich zur\u00fcckgewiesen oder nicht respektiert f\u00fchlst. Manche Faeries nehmen aus welchen Gr\u00fcnden auch immer, nicht am Love Temple oder Liebesritualen teil. Das ist nat\u00fcrlich in Ordnung. <br><strong>Es gibt keinen Druck, mitzumachen. Und keine es braucht keine Rechtfertigung.<\/strong><\/p>\n\n\n\n<p><strong>Nacktheit<\/strong> <br>Wenn du an einem Treffen teilnimmst, wirst du dich vielleicht wundern, dass einige Faeries nackt herumschwirren &#8211; au\u00dfer denen, die das nicht m\u00f6chten. Die meisten Treffen sind optional ohne Bekleidung. Das h\u00e4ngt nat\u00fcrlich von der Umgebung ab, in der sie stattfinden. In unseren eigenen R\u00e4umen ist Nacktheit \u00fcblich. Das einzige No-Go ist es dann, nackt in der K\u00fcche zu sein oder mit nacktem Hintern auf den St\u00fchlen zu sitzen.<br>An gemieteten Orten kann es mehr Regeln geben, wann und wo Nacktheit erlaubt ist. Wir sehen in Nacktheit eine M\u00f6glichkeit, unsere K\u00f6rperscham zu \u00fcberwinden. Einige behalten selbstverst\u00e4ndlich ihre Kleidung an, aus welchen Gr\u00fcnden auch immer. Einige \u00f6ffnen sich w\u00e4hrend eines Treffens und f\u00fchlen sich dann frei, sich auszuziehen.<br>Es gibt niemals Druck, nackt zu sein [<strong>und braucht keine Rechtfertigung, wenn nicht<\/strong>]. Alles ist erlaubt.  Sei so, wie du willst. Auch wenn bei einigen Angeboten Nacktheit erw\u00fcnscht ist (K\u00f6rpererfahrung, erotische Massage, Kundalini Yoga) [werden sich M\u00f6glichkeiten finden, die auch f\u00fcr Dich funktionieren].<\/p>\n","protected":false},"excerpt":{"rendered":"<p>\u00dcber die reine Intimit\u00e4t hinausgehend verstehen wir unser Projekt auch als sexpositiv und k\u00f6rperpositiv. Hilfreich fanden wir dabei die Herangehensweise der Radical Faeries, die f\u00fcr sich einige gute Grundlagen zum Umgang mit Nacktheit und Sexualit\u00e4t in ihrer Gemeinschaft gefunden haben. Zusammenfassend l\u00e4sst sich sagen:\u00b7 Sexualit\u00e4t gilt als etwas Willkommenes und darf mit anderen geteilt werden.\u00b7 &hellip; <\/p>\n<p class=\"link-more\"><a href=\"https:\/\/intimate-buddies.com\/de\/sexuality\/\" class=\"more-link\"><span class=\"screen-reader-text\">\u201eSexualit\u00e4t\u201c <\/span>weiterlesen<\/a><\/p>\n","protected":false},"author":1,"featured_media":0,"parent":0,"menu_order":0,"comment_status":"closed","ping_status":"closed","template":"","meta":{"footnotes":""},"class_list":["post-530","page","type-page","status-publish","hentry"],"translation":{"provider":"WPGlobus","version":"3.0.2","language":"de","enabled_languages":["en","de"],"languages":{"en":{"title":true,"content":true,"excerpt":false},"de":{"title":true,"content":true,"excerpt":false}}},"_links":{"self":[{"href":"https:\/\/intimate-buddies.com\/de\/wp-json\/wp\/v2\/pages\/530","targetHints":{"allow":["GET"]}}],"collection":[{"href":"https:\/\/intimate-buddies.com\/de\/wp-json\/wp\/v2\/pages"}],"about":[{"href":"https:\/\/intimate-buddies.com\/de\/wp-json\/wp\/v2\/types\/page"}],"author":[{"embeddable":true,"href":"https:\/\/intimate-buddies.com\/de\/wp-json\/wp\/v2\/users\/1"}],"replies":[{"embeddable":true,"href":"https:\/\/intimate-buddies.com\/de\/wp-json\/wp\/v2\/comments?post=530"}],"version-history":[{"count":17,"href":"https:\/\/intimate-buddies.com\/de\/wp-json\/wp\/v2\/pages\/530\/revisions"}],"predecessor-version":[{"id":630,"href":"https:\/\/intimate-buddies.com\/de\/wp-json\/wp\/v2\/pages\/530\/revisions\/630"}],"wp:attachment":[{"href":"https:\/\/intimate-buddies.com\/de\/wp-json\/wp\/v2\/media?parent=530"}],"curies":[{"name":"wp","href":"https:\/\/api.w.org\/{rel}","templated":true}]}}