{"id":2,"date":"2021-06-14T13:52:43","date_gmt":"2021-06-14T13:52:43","guid":{"rendered":"http:\/\/intimate-buddies.com\/?page_id=2"},"modified":"2024-07-13T15:53:53","modified_gmt":"2024-07-13T13:53:53","slug":"sample-page","status":"publish","type":"page","link":"https:\/\/intimate-buddies.com\/de\/","title":{"rendered":""},"content":{"rendered":"\n<p>Wir teilen bedingungslose Liebe [&#8230;]<\/p>\n\n\n\n<p class=\"has-text-align-right\"><a href=\"https:\/\/menintouch.co.uk\/whos-who\/\"><strong>Andy Saich<\/strong><\/a><\/p>\n\n\n\n<hr class=\"wp-block-separator has-text-color has-luminous-vivid-amber-color has-alpha-channel-opacity has-luminous-vivid-amber-background-color has-background is-style-wide\"\/>\n\n\n\n<div style=\"height:100px\" aria-hidden=\"true\" class=\"wp-block-spacer\"><\/div>\n\n\n\n<div class=\"wp-block-group is-vertical is-layout-flex wp-container-core-group-is-layout-8cf370e7 wp-block-group-is-layout-flex\">\n<p>Manchmal ist es notwendig<\/p>\n\n\n\n<p>einer Sch\u00f6pfung ihre Anmut wieder beizubringen,<\/p>\n\n\n\n<p>eine Hand auf die Bl\u00fcte der Blume zu legen<\/p>\n\n\n\n<p>und es in Worten und Ber\u00fchrung zu vermitteln<\/p>\n\n\n\n<p>dass sie sch\u00f6n ist<\/p>\n\n\n\n<p>bis sie von innen her wieder bl\u00fcht,<\/p>\n\n\n\n<p>vom Zauber des eigenen Gl\u00fccks beseelt.<\/p>\n<\/div>\n\n\n\n<p class=\"has-text-align-right\"><a href=\"https:\/\/www.poetryfoundation.org\/poets\/galway-kinnell\"><strong>Galway Kinnell<\/strong><\/a><\/p>\n\n\n\n<hr class=\"wp-block-separator has-text-color has-luminous-vivid-amber-color has-alpha-channel-opacity has-luminous-vivid-amber-background-color has-background is-style-wide\"\/>\n\n\n\n<div style=\"height:100px\" aria-hidden=\"true\" class=\"wp-block-spacer\"><\/div>\n\n\n\n<p>lass das <strong>Wasser <\/strong>Deine Tr\u00e4nen wegsp\u00fclen<br>und das <strong>Feuer <\/strong>deine \u00c4ngste verzehren<br>den <strong>Wind <\/strong>durch Dein Leben ziehen <br>um Dir Vertrauen und Zuversicht zu schenken<br>sei von der <strong>Erde <\/strong>gehalten und getragen, die sich um dich k\u00fcmmert und dich n\u00e4hrt<br>so dass wir aus unserem Planeten einen magischen Ort erschaffen k\u00f6nnen.<\/p>\n\n\n\n<p class=\"has-text-align-right\"><strong><a href=\"https:\/\/www.alexiachellun.com\/\" target=\"_blank\" rel=\"noreferrer noopener\">Alexia Chellun<\/a><\/strong><\/p>\n\n\n\n<figure class=\"wp-block-embed is-type-video is-provider-youtube wp-block-embed-youtube wp-embed-aspect-16-9 wp-has-aspect-ratio\"><div class=\"wp-block-embed__wrapper\">\n<iframe loading=\"lazy\" title=\"Alexia Chellun - The Power Is Here Now - Official Music Video\" width=\"525\" height=\"295\" src=\"https:\/\/www.youtube.com\/embed\/7rJfU1A6cxs?feature=oembed\" frameborder=\"0\" allow=\"accelerometer; autoplay; clipboard-write; encrypted-media; gyroscope; picture-in-picture; web-share\" referrerpolicy=\"strict-origin-when-cross-origin\" allowfullscreen><\/iframe>\n<\/div><\/figure>\n","protected":false},"excerpt":{"rendered":"<p>Wir teilen bedingungslose Liebe [&#8230;] Andy Saich Manchmal ist es notwendig einer Sch\u00f6pfung ihre Anmut wieder beizubringen, eine Hand auf die Bl\u00fcte der Blume zu legen und es in Worten und Ber\u00fchrung zu vermitteln dass sie sch\u00f6n ist bis sie von innen her wieder bl\u00fcht, vom Zauber des eigenen Gl\u00fccks beseelt. Galway Kinnell lass das &hellip; <\/p>\n<p class=\"link-more\"><a href=\"https:\/\/intimate-buddies.com\/de\/\" class=\"more-link\"><span class=\"screen-reader-text\">\u201e\u201c <\/span>weiterlesen<\/a><\/p>\n","protected":false},"author":1,"featured_media":0,"parent":0,"menu_order":0,"comment_status":"closed","ping_status":"open","template":"","meta":{"footnotes":""},"class_list":["post-2","page","type-page","status-publish","hentry"],"translation":{"provider":"WPGlobus","version":"3.0.2","language":"de","enabled_languages":["en","de"],"languages":{"en":{"title":false,"content":true,"excerpt":false},"de":{"title":false,"content":true,"excerpt":false}}},"_links":{"self":[{"href":"https:\/\/intimate-buddies.com\/de\/wp-json\/wp\/v2\/pages\/2","targetHints":{"allow":["GET"]}}],"collection":[{"href":"https:\/\/intimate-buddies.com\/de\/wp-json\/wp\/v2\/pages"}],"about":[{"href":"https:\/\/intimate-buddies.com\/de\/wp-json\/wp\/v2\/types\/page"}],"author":[{"embeddable":true,"href":"https:\/\/intimate-buddies.com\/de\/wp-json\/wp\/v2\/users\/1"}],"replies":[{"embeddable":true,"href":"https:\/\/intimate-buddies.com\/de\/wp-json\/wp\/v2\/comments?post=2"}],"version-history":[{"count":32,"href":"https:\/\/intimate-buddies.com\/de\/wp-json\/wp\/v2\/pages\/2\/revisions"}],"predecessor-version":[{"id":1235,"href":"https:\/\/intimate-buddies.com\/de\/wp-json\/wp\/v2\/pages\/2\/revisions\/1235"}],"wp:attachment":[{"href":"https:\/\/intimate-buddies.com\/de\/wp-json\/wp\/v2\/media?parent=2"}],"curies":[{"name":"wp","href":"https:\/\/api.w.org\/{rel}","templated":true}]}}