{"id":1139,"date":"2024-02-07T13:06:59","date_gmt":"2024-02-07T12:06:59","guid":{"rendered":"https:\/\/intimate-buddies.com\/newsletter\/"},"modified":"2024-02-07T16:20:14","modified_gmt":"2024-02-07T15:20:14","slug":"newsletter","status":"publish","type":"page","link":"https:\/\/intimate-buddies.com\/de\/newsletter\/","title":{"rendered":"Komm zu uns"},"content":{"rendered":"\n<p>Wenn du dich hier registrierst, bekommst du in unregelm\u00e4\u00dfigen Abst\u00e4nden Neuigkeiten \u00fcber das Projekt oder interessante Veranstaltungen per E-Mail. Einige Veranstaltungen werden ausschlie\u00dflich per Email angek\u00fcndigt.<br>Nat\u00fcrlich kannst Du den Newsletter jederzeit wieder abbestellen.<\/p>\n\n\n\n<hr class=\"wp-block-separator has-text-color has-vivid-green-cyan-color has-alpha-channel-opacity has-vivid-green-cyan-background-color has-background is-style-wide\"\/>\n\n\n<div class=\"tnp tnp-subscription \">\n<form method=\"post\" action=\"https:\/\/intimate-buddies.com\/wp-admin\/admin-ajax.php?action=tnp&amp;na=s\">\n<input type=\"hidden\" name=\"nlang\" value=\"\">\n<div class=\"tnp-field tnp-field-firstname\"><label for=\"tnp-1\">Vorname<\/label>\n<input class=\"tnp-name\" type=\"text\" name=\"nn\" id=\"tnp-1\" value=\"\" placeholder=\"\"><\/div>\n<div class=\"tnp-field tnp-field-surname\"><label for=\"tnp-2\">Nachname<\/label>\n<input class=\"tnp-surname\" type=\"text\" name=\"ns\" id=\"tnp-2\" value=\"\" placeholder=\"\"><\/div><div class=\"tnp-field tnp-field-email\"><label for=\"tnp-3\">E-Mail-Adresse<\/label>\n<input class=\"tnp-email\" type=\"email\" name=\"ne\" id=\"tnp-3\" value=\"\" placeholder=\"\" required><\/div>\n<div class=\"tnp-field tnp-field-profile\"><label for=\"tnp-4\">Location\/City<\/label>\n<input class=\"tnp-profile tnp-profile-1\" id=\"tnp-profile_1\" type=\"text\" size=\"\" name=\"np1\" placeholder=\"\"><\/div>\n<div class=\"tnp-field tnp-privacy-field\"><label><input type=\"checkbox\" name=\"ny\" required class=\"tnp-privacy\"> <a target=\"_blank\" href=\"https:\/\/intimate-buddies.com\/de\/privacy-policy\/\">Hiermit akzeptiere ich die Datenschutzbestimmungen<\/a><\/label><\/div><div class=\"tnp-field tnp-field-button\" style=\"text-align: left\"><input class=\"tnp-submit\" type=\"submit\" value=\"Register\" style=\"\">\n<\/div>\n<\/form>\n<\/div>\n\n\n\n<hr class=\"wp-block-separator has-text-color has-light-green-cyan-color has-alpha-channel-opacity has-light-green-cyan-background-color has-background is-style-wide\"\/>\n\n\n\n<p><\/p>\n","protected":false},"excerpt":{"rendered":"<p>Wenn du dich hier registrierst, bekommst du in unregelm\u00e4\u00dfigen Abst\u00e4nden Neuigkeiten \u00fcber das Projekt oder interessante Veranstaltungen per E-Mail. Einige Veranstaltungen werden ausschlie\u00dflich per Email angek\u00fcndigt.Nat\u00fcrlich kannst Du den Newsletter jederzeit wieder abbestellen.<\/p>\n","protected":false},"author":1,"featured_media":0,"parent":0,"menu_order":0,"comment_status":"closed","ping_status":"closed","template":"","meta":{"footnotes":""},"class_list":["post-1139","page","type-page","status-publish","hentry"],"translation":{"provider":"WPGlobus","version":"3.0.2","language":"de","enabled_languages":["en","de"],"languages":{"en":{"title":true,"content":true,"excerpt":false},"de":{"title":true,"content":true,"excerpt":false}}},"_links":{"self":[{"href":"https:\/\/intimate-buddies.com\/de\/wp-json\/wp\/v2\/pages\/1139","targetHints":{"allow":["GET"]}}],"collection":[{"href":"https:\/\/intimate-buddies.com\/de\/wp-json\/wp\/v2\/pages"}],"about":[{"href":"https:\/\/intimate-buddies.com\/de\/wp-json\/wp\/v2\/types\/page"}],"author":[{"embeddable":true,"href":"https:\/\/intimate-buddies.com\/de\/wp-json\/wp\/v2\/users\/1"}],"replies":[{"embeddable":true,"href":"https:\/\/intimate-buddies.com\/de\/wp-json\/wp\/v2\/comments?post=1139"}],"version-history":[{"count":6,"href":"https:\/\/intimate-buddies.com\/de\/wp-json\/wp\/v2\/pages\/1139\/revisions"}],"predecessor-version":[{"id":1150,"href":"https:\/\/intimate-buddies.com\/de\/wp-json\/wp\/v2\/pages\/1139\/revisions\/1150"}],"wp:attachment":[{"href":"https:\/\/intimate-buddies.com\/de\/wp-json\/wp\/v2\/media?parent=1139"}],"curies":[{"name":"wp","href":"https:\/\/api.w.org\/{rel}","templated":true}]}}