{"id":100,"date":"2021-06-18T13:50:09","date_gmt":"2021-06-18T13:50:09","guid":{"rendered":"http:\/\/intimate-buddies.com\/?page_id=100"},"modified":"2024-07-31T06:27:51","modified_gmt":"2024-07-31T04:27:51","slug":"male-human-beings","status":"publish","type":"page","link":"https:\/\/intimate-buddies.com\/de\/male-human-beings\/","title":{"rendered":"M\u00e4nnlichkeit"},"content":{"rendered":"\n<p>Wir sind davon \u00fcberzeugt, dass wir M\u00e4nner die F\u00e4higkeit zu einem liebevollen Umgang mit unserer eigenen M\u00e4nnlichkeit haben. Aber nur wenige wissen, wie es sich anf\u00fchlt, dieses Bed\u00fcrfnis mit anderen M\u00e4nnern zu teilen.<br><strong>Wann gibt es im Alltag schon die Gelegenheit, M\u00e4nner zu sehen, die liebevoll miteinander umgehen?<\/strong><\/p>\n\n\n\n<div class=\"wp-block-group is-vertical is-layout-flex wp-container-core-group-is-layout-8cf370e7 wp-block-group-is-layout-flex\">\n<details class=\"wp-block-details is-layout-flow wp-block-details-is-layout-flow\"><summary>hgjghjghjghjghj<\/summary>\n<p>asasdas<\/p>\n<\/details>\n<\/div>\n\n\n\n<div class=\"wp-block-columns has-vivid-red-background-color has-background is-layout-flex wp-container-core-columns-is-layout-9d6595d7 wp-block-columns-is-layout-flex\">\n<div class=\"wp-block-column is-layout-flow wp-block-column-is-layout-flow\">\n<p class=\"has-text-align-center has-white-color has-text-color\">&#8222;Los hombres &#8217;no lloran&#8216;,<br>pero s\u00ed se <a rel=\"noreferrer noopener\" href=\"https:\/\/www.bbc.com\/mundo\/noticias\/2016\/04\/160330_salud_suicidio_tasa_mas_alta_hombres_lv\" target=\"_blank\"><mark style=\"background-color:rgba(0, 0, 0, 0)\" class=\"has-inline-color has-white-color\">suicidan<\/mark> <\/a><br>3 a 5 veces m\u00e1s <br>que las mujeres. <br>Expresa lo que sientes. <br>\u00a1Por una masculinidad sana, <br>vulnerable y emp\u00e1tica!&#8220;<\/p>\n<\/div>\n\n\n\n<div class=\"wp-block-column is-layout-flow wp-block-column-is-layout-flow\">\n<p class=\"has-text-align-center has-white-color has-text-color\">&#8222;M\u00e4nner weinen nicht,<br>aber sie begehen<br> 3-5 mal h\u00e4ufiger <a rel=\"noreferrer noopener\" href=\"https:\/\/www.bbc.com\/mundo\/noticias\/2016\/04\/160330_salud_suicidio_tasa_mas_alta_hombres_lv\" target=\"_blank\"><mark style=\"background-color:rgba(0, 0, 0, 0)\" class=\"has-inline-color has-white-color\">Selbstmord<\/mark> <\/a><br>als Frauen.<br>Zeige was Du f\u00fchlst!<br>F\u00fcr eine ges\u00fcndere, verletzliche und einf\u00fchlsame M\u00e4nnlichkeit!<\/p>\n\n\n\n<p class=\"has-text-align-right has-white-color has-text-color has-small-font-size\"><a href=\"https:\/\/universidadean.edu.co\/blog\/los-hombres-si-lloramos-y-mucho\" target=\"_blank\" rel=\"noreferrer noopener\"><strong><mark style=\"background-color:rgba(0, 0, 0, 0)\" class=\"has-inline-color has-white-color\">Juan Carlos Tarazona Ortiz<\/mark><\/strong><\/a><br><em>Pressesprecher der Universit\u00e4t EAN<\/em><br>(Fakult\u00e4t f\u00fcr Betriebswirtschaftslehre,<br>Bogot\u00e1, Kolumbien)<\/p>\n\n\n\n<details class=\"wp-block-details has-white-color has-text-color has-link-color wp-elements-7d3178b47f7f97f151b79a20878d70b8 is-layout-flow wp-block-details-is-layout-flow\" style=\"font-size:12px\"><summary>gesamten Artikel lesen<\/summary>\n<p class=\"has-text-align-left has-small-font-size\">M\u00e4nner weinen auch, und wir weinen sehr viel!<\/p>\n\n\n\n<p class=\"has-text-align-left has-small-font-size\">In unseren traditionellen Familien, in meiner, durften M\u00e4nner nicht weinen. Da es hie\u00df dann: \u201eDu siehst aus wie ein M\u00e4dchen\u201c, \u201eM\u00e4nner weinen nicht\u201c, \u201eWeichei&#8220;.  <br>Dinge, die dazu f\u00fchren, dass man Gef\u00fchle unterdr\u00fcckt, die sich dann in Verbitterung verwandeln.<br>Denn Weinen sei eine Beleidigung, eine Misshandlung des m\u00e4nnlichen Egos und eine Herabw\u00fcrdigung der Gesellschaftsordnung.<\/p>\n\n\n\n<p class=\"has-text-align-center has-small-font-size\"><strong>\u201eM\u00e4nner weinen nicht\u201c, aber sie begehen 3 bis 5 Mal h\u00e4ufiger Selbstmord als Frauen.<\/strong><\/p>\n\n\n\n<p class=\"has-small-font-size\">Es gab eine Zeit, in der ich ebenfalls versucht habe, mich umzubringen. Ich wusste nicht, dass ich damit einen Fehler machen w\u00fcrde.<br>Ich versuchte, mich von einem Berg hinter meinem Haus zu st\u00fcrzen, wobei ich die Gelegenheit nutzte, dass niemand in der N\u00e4he war. Der zweite Versuch erfolgte mit einer Rasierklinge.<br>Ich langweilte mich, ich f\u00fchlte keine Unterst\u00fctzung, sondern Urteile, Bemerkungen und b\u00f6se Worte. Das, was ich ihnen \u00fcber meine Gef\u00fchle als Mann, als Mensch verriet, zogen sie nur daraus, dass ich mich nicht so benahm, wie sich jeder Junge oder Mann benehmen sollte.<br>So konnten sie nicht wissen, dass ich ein anderer Mensch war, ein vielfarbiger Mensch, den sie wertsch\u00e4tzen sollten.<\/p>\n\n\n\n<p class=\"has-small-font-size\">Die Macht der Zeit gab mir die Kraft, Menschen zu treffen, die mir halfen, mich selbst als einen Mann der Vielfalt zu erkennen, und keine Angst mehr davor zu haben zu erfahren, dass die Welt nicht nur das ist, was ich kannte. Ich durfte eintauchen in ein Universum voller Wissen, sch\u00f6ner Dinge, Sicherheit und Kraft. So konnte ich mir eines Tages erlauben zu weinen und auszudr\u00fccken, wie m\u00fcde ich war. Dank der Tr\u00e4nen, die ich vergoss, wurde ich ein starker, weiser und selbstbewusster Mann, der die Diversit\u00e4t unterst\u00fctzt und f\u00f6rdert.<\/p>\n\n\n\n<p class=\"has-small-font-size\">[&#8230;]<\/p>\n\n\n\n<p class=\"has-small-font-size\">Nach Angaben des Nationalen Instituts f\u00fcr Rechtsmedizin und forensische Wissenschaften <em>[in Kolumbien]<\/em> haben M\u00e4nner mehr Selbstmordgedanken als Frauen. Allein im Jahr 2015 wurden im Land 2068 Selbstmorde registriert, 80 % der Opfer waren M\u00e4nner, d. h. auf jede Frau, die diese Entscheidung traf, kamen vier M\u00e4nner.<br>Das bedeutet, dass die psychische Gesundheit von M\u00e4nnern in einem schlechten Zustand ist und es offenbar niemanden interessiert.<br>Das Nationale Amt f\u00fcr Statistik (DANE) teilte mit, dass zwischen Januar und April 2020 die Zahl der Selbstt\u00f6tungen um 9 % gestiegen ist. Allein in den ersten Monaten des Jahres 2021 gab es 958 F\u00e4lle von Selbstmord, 79 mehr als im gleichen Zeitraum des Jahres 2020.<\/p>\n\n\n\n<p class=\"has-small-font-size\">Das Alter, in dem M\u00e4nner aus verschiedenen Gr\u00fcnden Selbstmord begehen, wird in zwei Gruppen unterteilt: \u00e4ltere Erwachsene zwischen 69 und 74 Jahren, Jugendliche zwischen 15 und 34 Jahren, wobei im letzteren Segment eine besorgniserregende Aufw\u00e4rtskurve bei M\u00e4nnern im Alter von 20 bis 24 Jahren zu beobachten ist.<\/p>\n\n\n\n<p class=\"has-small-font-size\">Schlie\u00dflich \u201eweinen\u201c M\u00e4nner nicht. [&#8230;]<\/p>\n\n\n\n<p class=\"has-small-font-size\">Also, M\u00e4nner, ich lade euch ein, zu weinen und eure Gef\u00fchle auszudr\u00fccken, f\u00fcr eine ges\u00fcndere, verletzliche und einf\u00fchlsame M\u00e4nnlichkeit!<\/p>\n\n\n\n<p class=\"has-small-font-size\">Quelle:<br><a href=\"https:\/\/universidadean.edu.co\/\">https:\/\/universidadean.edu.co\/<\/a><\/p>\n<\/details>\n<\/div>\n<\/div>\n\n\n\n<p>Mehr als 2000 Jahre lang haben religi\u00f6se oder gesellschaftliche Vorstellungen von falsch verstandener M\u00e4nnlichkeit einen Gro\u00dfteil unserer Empfindsamkeit in den Hintergrund gedr\u00e4ngt. M\u00e4nner verstecken den liebevollen Anteil Ihres Wesens in einem Gef\u00e4ngnis voller Aggression und Scham und denken, sie m\u00fcssen dieses Gef\u00e4ngnis zudem mit Hass und Gewalt verteidigen, damit ihre Verletzlichkeit nicht offensichtlich wird.<br>Die gute Nachricht ist, dass viele M\u00e4nner begonnen haben, diese erlernten Verhaltensweisen zu \u00fcberdenken und ihrer smarten Seite mehr Raum geben wollen.<br><strong>Aber wie k\u00f6nnen sie sich in einer Gesellschaft voller Patriarchalismus<\/strong> <strong>bestehen?<\/strong><\/p>\n\n\n\n<div class=\"wp-block-columns are-vertically-aligned-top has-cyan-bluish-gray-background-color has-background is-layout-flex wp-container-core-columns-is-layout-9d6595d7 wp-block-columns-is-layout-flex\">\n<div class=\"wp-block-column is-vertically-aligned-top is-layout-flow wp-block-column-is-layout-flow\">\n<figure class=\"wp-block-image size-large\"><img loading=\"lazy\" decoding=\"async\" width=\"1024\" height=\"552\" src=\"http:\/\/intimate-buddies.com\/wp-content\/uploads\/2022\/06\/grafik-1024x552.png\" alt=\"\" class=\"wp-image-550\" srcset=\"https:\/\/intimate-buddies.com\/wp-content\/uploads\/2022\/06\/grafik-1024x552.png 1024w, https:\/\/intimate-buddies.com\/wp-content\/uploads\/2022\/06\/grafik-300x162.png 300w, https:\/\/intimate-buddies.com\/wp-content\/uploads\/2022\/06\/grafik-768x414.png 768w, https:\/\/intimate-buddies.com\/wp-content\/uploads\/2022\/06\/grafik.png 1280w\" sizes=\"auto, (max-width: 706px) 89vw, (max-width: 767px) 82vw, 740px\" \/><figcaption class=\"wp-element-caption\"><a href=\"https:\/\/www.facebook.com\/RevolutionRoy\/posts\/537635557712853\" target=\"_blank\" rel=\"noreferrer noopener\">https:\/\/www.facebook.com\/RevolutionRoy\/posts\/537635557712853<\/a><\/figcaption><\/figure>\n\n\n\n<hr class=\"wp-block-separator has-alpha-channel-opacity is-style-default\"\/>\n\n\n\n<div class=\"fb-post\" data-href=\"https:\/\/www.facebook.com\/RevolutionRoy\/posts\/537635557712853\" data-width=\"400\" data-show-text=\"true\"><blockquote cite=\"https:\/\/www.facebook.com\/RevolutionRoy\/posts\/537635557712853\" class=\"fb-xfbml-parse-ignore\">\n<p>Es en la adolescencia cuando los chicos aprenden que para ser le\u00eddos como hombres en el futuro (adem\u00e1s de separarse de&#8230;\n<\/p>Gepostet von <a href=\"https:\/\/www.facebook.com\/RevolutionRoy\">Roy Gal\u00e1n<\/a> am&nbsp;<a href=\"https:\/\/www.facebook.com\/RevolutionRoy\/posts\/537635557712853\">Sonntag, 3. April 2022<\/a><\/blockquote><\/div>\n\n\n\n<hr class=\"wp-block-separator has-alpha-channel-opacity is-style-default\"\/>\n<\/div>\n\n\n\n<div class=\"wp-block-column is-vertically-aligned-top is-layout-flow wp-block-column-is-layout-flow\" style=\"flex-basis:10px\"><\/div>\n\n\n\n<div class=\"wp-block-column is-vertically-aligned-top is-layout-flow wp-block-column-is-layout-flow\">\n<details class=\"wp-block-details is-layout-flow wp-block-details-is-layout-flow\"><summary>Roy Galan<\/summary>\n<p class=\"has-small-font-size\">Der Autor, Influencer und LGTBIQ+-Aktivist\u00a0<strong>Roy Gal\u00e1n\u00a0<\/strong>wurde 1980 in Santiago de Compostela geboren, wuchs aber auf den Kanarischen Inseln auf. Er studierte Jura an der Universit\u00e4t von La Laguna und arbeitete elf Jahre lang f\u00fcr die Regierung der Kanarischen Inseln. Ab 2013 machte er das Schreiben zu seiner Hauptbesch\u00e4ftigung. Er schreibt Artikel f\u00fcr Medien wie CuerpoMente, La mirada com\u00fan und die Website von La Sexta.<\/p>\n<\/details>\n\n\n\n<p class=\"has-small-font-size\">In der Pubert\u00e4t lernen Jungen, dass sie eine physische Barriere zu ihren Freunden aufbauen m\u00fcssen, um als Mann wahrgenommen zu werden und sich von ihrer Mutter zu trennen. Wenn diese Barriere nicht vorhanden ist, kann schnell der Zweifel aufkommen, nicht heterosexuell zu sein. Und in der m\u00e4nnlichen Identit\u00e4tskonstruktion hat jeder nicht-heterosexuelle Mann einen geringeren Stellenwert.<\/p>\n\n\n\n<p class=\"has-small-font-size\">Und deshalb d\u00fcrfen sich die Jungs nicht ber\u00fchren oder anfassen. Wenn sie sich umarmen, dann laut und mit gro\u00dfen Gesten: M\u00e4nner begr\u00fc\u00dfen sich, indem sie L\u00e4rm machen, um \u00f6ffentlich zu demonstrieren, dass sie vom K\u00f6rper eines anderen Mannes abgesto\u00dfen sind. Der K\u00f6rper eines anderen Mannes ist kein Ort, an dem sie sich aufhalten wollen. Auf diese Weise demonstrieren sie: &#8222;Hey, ich mag keine Penisse, der einzige Penis, den ich mag, ist mein eigener!<\/p>\n\n\n\n<p class=\"has-small-font-size\">So bleibt die selbstauferlegte Scham, die Verspottung jeder Z\u00e4rtlichkeit. Sie berauben sich der M\u00f6glichkeit, in den Armen eines anderen einzuschlafen oder liebevoll miteinander umzugehen. Sie m\u00fcssen den Satz &#8222;Ich liebe dich&#8220; mit einem &#8222;Bro&#8220; beenden, um ihre Scham zu verringern.<br>Der m\u00e4nnliche K\u00f6rper wird so von jeder Art von Zuneigung, N\u00e4he und Z\u00e4rtlichkeit ausgeschlossen.<\/p>\n\n\n\n<p class=\"has-small-font-size\">Damit fehlt die Basis, um emotional tiefer zu gehen und dar\u00fcber zu sprechen, wie es ihm wirklich geht. Gesprochen wird \u00fcber das Weltgeschehen, Sport oder Serien, nie \u00fcber die eigenen N\u00f6te und \u00c4ngste. Wenn ein Mann sich so verletzlich zeigt, wird er von seinen Freunden oft ausgelacht. M\u00e4nnerwitze sind eine weitere M\u00f6glichkeit, Gef\u00fchle aus dem Raum zu verbannen.<\/p>\n\n\n\n<p class=\"has-small-font-size\">Dann der Mythos, dass M\u00e4nner keine Freundinnen haben k\u00f6nnen. Weil man nat\u00fcrlich nicht mit einem M\u00e4dchen befreundet sein kann, ohne sie ficken zu wollen, und eben weil man nicht schwul ist, oder weil M\u00e4nner, die Partnerinnen haben, aus Eifersucht keine Freundinnen haben k\u00f6nnen. Beides bedeutet, dass M\u00e4nner zu einer schrecklichen physischen und emotionalen Isolation verdammt sind.<\/p>\n\n\n\n<p class=\"has-small-font-size\">Eine Isolation, die nur durch eine romantische Beziehung durchbrochen werden kann. Mit einer Partnerin, die die ungeheure Last auf sich nimmt, an der Seite eines Mannes zu sein, der seine emotionale Seite nicht durch intime Netzwerke erweitern konnte. So bleibt nur dieser Ort der romantischen Beziehung, an dem sich der Mann von seiner Verkleidung erholen kann, wenn er nicht zur Therapie geht, oder weil seine Freunde nicht wissen, wie er sich f\u00fchlt, und weil er keine anderen Frauen haben darf.<\/p>\n\n\n\n<p class=\"has-small-font-size\">Wenn wir dann noch die Idee der romantischen Liebe hinzuf\u00fcgen, dass ein Mann, der sich nicht ausdr\u00fccken kann (weil er nicht wei\u00df, wie es geht), sich nur dir \u00f6ffnet, weil du etwas Besonderes bist und er dich deshalb \u00fcber alles liebt, dann haben wir eine explosive Mischung.<\/p>\n\n\n\n<p class=\"has-small-font-size\">Das Nachdenken \u00fcber die Codes m\u00e4nnlicher Freundschaft ist f\u00fcr M\u00e4nner unerl\u00e4sslich, um freier und gl\u00fccklicher zu werden, um das Gef\u00e4ngnis der M\u00e4nnlichkeit sichtbar zu machen. M\u00e4nner sollten mit all den strukturellen Zw\u00e4ngen brechen, die in der Regel eine Spur emotionaler Leichen hinterlassen: ihre eigenen und die der anderen, die ihnen folgen.<\/p>\n\n\n\n<p class=\"has-small-font-size\">Ein Mann zu sein bedeutet nichts anderes, als das zu sein, was man ist. Mit den Menschen, die man liebt.<\/p>\n<\/div>\n<\/div>\n\n\n\n<p>Auf viele Fragen haben wir noch keine Antwort gefunden.<br>Aber es ist ein guter Start, sich als Mann diesen Fragen zu stellen: wo wollen wir mit uns selbst beginnen? Wenn wir als M\u00e4nner anfangen, uns selbst achtsam und liebevoll zu begegnen und einen kl\u00fcgeren Umgang mit unserer M\u00e4nnlichkeit finden, k\u00f6nnte dies ein bedeutender Schritt f\u00fcr eine bessere Welt sein.<br><strong>Wir k\u00f6nnen gemeinsam eine Zukunft gestalten, in der wir als M\u00e4nner leben k\u00f6nnen ohne Arschl\u00f6cher zu sein!<\/strong><\/p>\n\n\n\n<p><\/p>\n","protected":false},"excerpt":{"rendered":"<p>Wir sind davon \u00fcberzeugt, dass wir M\u00e4nner die F\u00e4higkeit zu einem liebevollen Umgang mit unserer eigenen M\u00e4nnlichkeit haben. Aber nur wenige wissen, wie es sich anf\u00fchlt, dieses Bed\u00fcrfnis mit anderen M\u00e4nnern zu teilen.Wann gibt es im Alltag schon die Gelegenheit, M\u00e4nner zu sehen, die liebevoll miteinander umgehen? &#8222;Los hombres &#8217;no lloran&#8216;,pero s\u00ed se suicidan 3 &hellip; <\/p>\n<p class=\"link-more\"><a href=\"https:\/\/intimate-buddies.com\/de\/male-human-beings\/\" class=\"more-link\"><span class=\"screen-reader-text\">\u201eM\u00e4nnlichkeit\u201c <\/span>weiterlesen<\/a><\/p>\n","protected":false},"author":1,"featured_media":0,"parent":0,"menu_order":0,"comment_status":"closed","ping_status":"closed","template":"","meta":{"footnotes":""},"class_list":["post-100","page","type-page","status-publish","hentry"],"translation":{"provider":"WPGlobus","version":"3.0.2","language":"de","enabled_languages":["en","de"],"languages":{"en":{"title":true,"content":true,"excerpt":false},"de":{"title":true,"content":true,"excerpt":false}}},"_links":{"self":[{"href":"https:\/\/intimate-buddies.com\/de\/wp-json\/wp\/v2\/pages\/100","targetHints":{"allow":["GET"]}}],"collection":[{"href":"https:\/\/intimate-buddies.com\/de\/wp-json\/wp\/v2\/pages"}],"about":[{"href":"https:\/\/intimate-buddies.com\/de\/wp-json\/wp\/v2\/types\/page"}],"author":[{"embeddable":true,"href":"https:\/\/intimate-buddies.com\/de\/wp-json\/wp\/v2\/users\/1"}],"replies":[{"embeddable":true,"href":"https:\/\/intimate-buddies.com\/de\/wp-json\/wp\/v2\/comments?post=100"}],"version-history":[{"count":86,"href":"https:\/\/intimate-buddies.com\/de\/wp-json\/wp\/v2\/pages\/100\/revisions"}],"predecessor-version":[{"id":1234,"href":"https:\/\/intimate-buddies.com\/de\/wp-json\/wp\/v2\/pages\/100\/revisions\/1234"}],"wp:attachment":[{"href":"https:\/\/intimate-buddies.com\/de\/wp-json\/wp\/v2\/media?parent=100"}],"curies":[{"name":"wp","href":"https:\/\/api.w.org\/{rel}","templated":true}]}}